{"id":102177,"date":"2023-10-25T10:02:19","date_gmt":"2023-10-25T08:02:19","guid":{"rendered":"https:\/\/pipat-antiquites.fr\/objets\/lombard-bombato-furniture-late-18th-century\/"},"modified":"2023-11-03T10:19:09","modified_gmt":"2023-11-03T09:19:09","slug":"antique-italian-baroque-furniture-lombard-lombardic-comodine-late-xviii-18-century","status":"publish","type":"product","link":"https:\/\/pipat-antiquites.fr\/en\/objets\/antique-italian-baroque-furniture-lombard-lombardic-comodine-late-xviii-18-century\/","title":{"rendered":"Lombard furniture, early 18th century"},"content":{"rendered":"<div class=\"wpb-content-wrapper\"><p>[vc_row][vc_column column_width_percent=&#8221;100&#8243; gutter_size=&#8221;3&#8243; override_padding=&#8221;yes&#8221; column_padding=&#8221;3&#8243; overlay_alpha=&#8221;50&#8243; shift_x=&#8221;0&#8243; shift_y=&#8221;0&#8243; shift_y_down=&#8221;0&#8243; z_index=&#8221;0&#8243; medium_width=&#8221;0&#8243; mobile_width=&#8221;0&#8243; width=&#8221;1\/1&#8243; uncode_shortcode_id=&#8221;177131&#8243;][vc_custom_heading text_weight=&#8221;300&#8243; uncode_shortcode_id=&#8221;165166&#8243;]Lombard furniture, early 18th century[\/vc_custom_heading][vc_column_text uncode_shortcode_id=&#8221;101845&#8243;]Made of olive wood, this curiously animated piece of furniture dates from the early 18th century. Refined cabinet in its upper part with its architectural arches with Venetian accents and its small drawers, secretary in its middle part with its wide but narrow drawers and storage for placing letters, envelopes, paper and writing equipment, it is finally a chest-of-drawers (comodine) in the lower part. Two chubby drawers with gilded bronze pull handles reveal two comfortable storage spaces lined with Baroque wallpaper.[\/vc_column_text][\/vc_column][\/vc_row]<\/p>\n<\/div>","protected":false},"excerpt":{"rendered":"<p style=\"text-align: center;\">Rare Italian olive wood cabinet, secretary and chest of drawers.<\/p>\n<p style=\"text-align: center;\">Dimensions:<\/p>\n<ul>\n<li style=\"text-align: center;\">Height : 236 cm<br \/>\nWidth : about 140 cm<br \/>\nDepth : about 60 cm<\/li>\n<\/ul>\n","protected":false},"featured_media":103718,"template":"","meta":{"_seopress_robots_primary_cat":"none","_seopress_titles_title":"Meuble lombard, d\u00e9but XVIIIe si\u00e8cle ","_seopress_titles_desc":"Rare meuble italien en olivier formant cabinet, secr\u00e9taire et commode.","_seopress_robots_index":"","content-type":""},"product_brand":[],"product_cat":[386,393,396,400,385],"product_tag":[580,340],"class_list":{"0":"post-102177","1":"product","2":"type-product","3":"status-publish","4":"has-post-thumbnail","6":"product_cat-furniture-en","7":"product_cat-cabinets-en","8":"product_cat-chests-of-drawers","9":"product_cat-writing-desks","10":"product_cat-furniture","11":"product_tag-walnut","12":"product_tag-xviiith-century","14":"first","15":"outofstock","16":"shipping-taxable","17":"purchasable","18":"product-type-simple","19":"add-to-wishlist-after_add_to_cart"},"_links":{"self":[{"href":"https:\/\/pipat-antiquites.fr\/en\/wp-json\/wp\/v2\/product\/102177","targetHints":{"allow":["GET"]}}],"collection":[{"href":"https:\/\/pipat-antiquites.fr\/en\/wp-json\/wp\/v2\/product"}],"about":[{"href":"https:\/\/pipat-antiquites.fr\/en\/wp-json\/wp\/v2\/types\/product"}],"wp:featuredmedia":[{"embeddable":true,"href":"https:\/\/pipat-antiquites.fr\/en\/wp-json\/wp\/v2\/media\/103718"}],"wp:attachment":[{"href":"https:\/\/pipat-antiquites.fr\/en\/wp-json\/wp\/v2\/media?parent=102177"}],"wp:term":[{"taxonomy":"product_brand","embeddable":true,"href":"https:\/\/pipat-antiquites.fr\/en\/wp-json\/wp\/v2\/product_brand?post=102177"},{"taxonomy":"product_cat","embeddable":true,"href":"https:\/\/pipat-antiquites.fr\/en\/wp-json\/wp\/v2\/product_cat?post=102177"},{"taxonomy":"product_tag","embeddable":true,"href":"https:\/\/pipat-antiquites.fr\/en\/wp-json\/wp\/v2\/product_tag?post=102177"}],"curies":[{"name":"wp","href":"https:\/\/api.w.org\/{rel}","templated":true}]}}