{"id":101748,"date":"2023-03-23T18:54:56","date_gmt":"2023-03-23T17:54:56","guid":{"rendered":"https:\/\/pipat-antiquites.fr\/objets\/louis-philippe-mahogany-showcase-19th-century\/"},"modified":"2023-03-23T19:02:35","modified_gmt":"2023-03-23T18:02:35","slug":"louis-philippe-mahogany-showcase-19th-century","status":"publish","type":"product","link":"https:\/\/pipat-antiquites.fr\/en\/objets\/louis-philippe-mahogany-showcase-19th-century\/","title":{"rendered":"Louis-Philippe Mahogany Showcase, 19th Century"},"content":{"rendered":"<div class=\"wpb-content-wrapper\"><p>[vc_row][vc_column column_width_percent=&#8221;100&#8243; gutter_size=&#8221;3&#8243; override_padding=&#8221;yes&#8221; column_padding=&#8221;3&#8243; overlay_alpha=&#8221;50&#8243; shift_x=&#8221;0&#8243; shift_y=&#8221;0&#8243; shift_y_down=&#8221;0&#8243; z_index=&#8221;0&#8243; medium_width=&#8221;0&#8243; mobile_width=&#8221;0&#8243; width=&#8221;1\/1&#8243; uncode_shortcode_id=&#8221;619423&#8243;][vc_custom_heading text_weight=&#8221;300&#8243; uncode_shortcode_id=&#8221;578222&#8243;]Louis-Philippe Mahogany Showcase, 19th Century[\/vc_custom_heading][vc_column_text uncode_shortcode_id=&#8221;179922&#8243;]Discreet, this small display case has a modest look that suits small, elegant pieces of furniture. Composed of five shelves, only four can be seen through its two-thirds glazed door. In very good condition, this showcase is suitable for small spaces (apartment, bedrooms or small living rooms) in which it will have plenty of time to play with the nuances of its flamed mahogany marquetry from Cuba.[\/vc_column_text][\/vc_column][\/vc_row]<\/p>\n<\/div>","protected":false},"excerpt":{"rendered":"<p style=\"text-align: center;\">Small showcase in flamed mahogany from Cuba. Very good condition.<\/p>\n<p style=\"text-align: center;\">Dimensions:<\/p>\n<ul>\n<li style=\"text-align: center;\">Height : 158 cm<br \/>\nWidth : 75 cm<br \/>\nDepth : 28.5 cm<\/li>\n<\/ul>\n","protected":false},"featured_media":101743,"template":"","meta":{"_seopress_robots_primary_cat":"none","_seopress_titles_title":"Vitrine Louis-Philippe en acajou de Cuba, XIXe si\u00e8cle ","_seopress_titles_desc":"Petite vitrine en acajou flamm\u00e9 de Cuba. Tr\u00e8s bon \u00e9tat.","_seopress_robots_index":"","content-type":""},"product_brand":[],"product_cat":[386,404,385],"product_tag":[474,350],"class_list":{"0":"post-101748","1":"product","2":"type-product","3":"status-publish","4":"has-post-thumbnail","6":"product_cat-furniture-en","7":"product_cat-display-cases-and-shelves","8":"product_cat-furniture","9":"product_tag-mahogany","10":"product_tag-nineteenth-century","12":"first","13":"instock","14":"shipping-taxable","15":"purchasable","16":"product-type-simple","17":"add-to-wishlist-after_add_to_cart"},"_links":{"self":[{"href":"https:\/\/pipat-antiquites.fr\/en\/wp-json\/wp\/v2\/product\/101748","targetHints":{"allow":["GET"]}}],"collection":[{"href":"https:\/\/pipat-antiquites.fr\/en\/wp-json\/wp\/v2\/product"}],"about":[{"href":"https:\/\/pipat-antiquites.fr\/en\/wp-json\/wp\/v2\/types\/product"}],"wp:featuredmedia":[{"embeddable":true,"href":"https:\/\/pipat-antiquites.fr\/en\/wp-json\/wp\/v2\/media\/101743"}],"wp:attachment":[{"href":"https:\/\/pipat-antiquites.fr\/en\/wp-json\/wp\/v2\/media?parent=101748"}],"wp:term":[{"taxonomy":"product_brand","embeddable":true,"href":"https:\/\/pipat-antiquites.fr\/en\/wp-json\/wp\/v2\/product_brand?post=101748"},{"taxonomy":"product_cat","embeddable":true,"href":"https:\/\/pipat-antiquites.fr\/en\/wp-json\/wp\/v2\/product_cat?post=101748"},{"taxonomy":"product_tag","embeddable":true,"href":"https:\/\/pipat-antiquites.fr\/en\/wp-json\/wp\/v2\/product_tag?post=101748"}],"curies":[{"name":"wp","href":"https:\/\/api.w.org\/{rel}","templated":true}]}}