{"id":101439,"date":"2021-02-16T09:01:42","date_gmt":"2023-02-16T08:01:42","guid":{"rendered":"https:\/\/pipat-antiquites.fr\/objets\/antique-bronze-bust-after-gaddi-torso-19th-century\/"},"modified":"2023-02-21T09:57:38","modified_gmt":"2023-02-21T08:57:38","slug":"antique-bronze-bust-after-gaddi-torso-19th-century","status":"publish","type":"product","link":"https:\/\/pipat-antiquites.fr\/en\/objets\/antique-bronze-bust-after-gaddi-torso-19th-century\/","title":{"rendered":"Antique Cast Iron Bust After Gaddi Torso, 19th Century"},"content":{"rendered":"<div class=\"wpb-content-wrapper\"><p>[vc_row][vc_column column_width_percent=&#8221;100&#8243; gutter_size=&#8221;3&#8243; override_padding=&#8221;yes&#8221; column_padding=&#8221;3&#8243; overlay_alpha=&#8221;50&#8243; shift_x=&#8221;0&#8243; shift_y=&#8221;0&#8243; shift_y_down=&#8221;0&#8243; z_index=&#8221;0&#8243; medium_width=&#8221;0&#8243; mobile_width=&#8221;0&#8243; width=&#8221;1\/1&#8243; uncode_shortcode_id=&#8221;195353&#8243;][vc_custom_heading text_weight=&#8221;300&#8243; uncode_shortcode_id=&#8221;527554&#8243;]Antique Bronze Bust after Gaddi Torso, 19th Century[\/vc_custom_heading][vc_column_text uncode_shortcode_id=&#8221;117058&#8243;]The original, the marble Torso Gaddi (from the Hellenistic period, circa the 2nd century BC) could not be more famous and thousands of tourists flock to the Uffizi Gallery in Florence every year to admire it. This muscular torso was probably that of a centaur, but its posterity was different. Since the Renaissance and up to the present day, generations of artists have drawn this bust, inserted it into new painted compositions or sculpted it. This twist stretching the abdominals and belly creates a dramatic tension that has not escaped the eye of the greatest and this is also what our 19th century cast iron copy in perfect condition wanted to convey.[\/vc_column_text][\/vc_column][\/vc_row]<\/p>\n<\/div>","protected":false},"excerpt":{"rendered":"<p style=\"text-align: center;\">Bust after an antique marble sculpture. Perfect condition.<\/p>\n<p style=\"text-align: center;\">Dimensions:<\/p>\n<ul>\n<li style=\"text-align: center;\">Height : 48 cm<br \/>\nWidth : 43 cm<br \/>\nDepth : 16.5 cm<\/li>\n<\/ul>\n","protected":false},"featured_media":101424,"template":"","meta":{"_seopress_robots_primary_cat":"none","_seopress_titles_title":"Buste \u00e0 l\u2019antique en fonte de fer d\u2019apr\u00e8s le Torse Gaddi, XIXe si\u00e8cle","_seopress_titles_desc":"Buste d&#039;apr\u00e8s un mod\u00e8le antique. Parfait \u00e9tat.","_seopress_robots_index":"","content-type":""},"product_brand":[],"product_cat":[343,364,367],"product_tag":[350],"class_list":{"0":"post-101439","1":"product","2":"type-product","3":"status-publish","4":"has-post-thumbnail","6":"product_cat-fine-arts","7":"product_cat-sculptures-en","8":"product_cat-bronze-en","9":"product_tag-nineteenth-century","11":"first","12":"outofstock","13":"shipping-taxable","14":"purchasable","15":"product-type-simple","16":"add-to-wishlist-after_add_to_cart"},"_links":{"self":[{"href":"https:\/\/pipat-antiquites.fr\/en\/wp-json\/wp\/v2\/product\/101439","targetHints":{"allow":["GET"]}}],"collection":[{"href":"https:\/\/pipat-antiquites.fr\/en\/wp-json\/wp\/v2\/product"}],"about":[{"href":"https:\/\/pipat-antiquites.fr\/en\/wp-json\/wp\/v2\/types\/product"}],"wp:featuredmedia":[{"embeddable":true,"href":"https:\/\/pipat-antiquites.fr\/en\/wp-json\/wp\/v2\/media\/101424"}],"wp:attachment":[{"href":"https:\/\/pipat-antiquites.fr\/en\/wp-json\/wp\/v2\/media?parent=101439"}],"wp:term":[{"taxonomy":"product_brand","embeddable":true,"href":"https:\/\/pipat-antiquites.fr\/en\/wp-json\/wp\/v2\/product_brand?post=101439"},{"taxonomy":"product_cat","embeddable":true,"href":"https:\/\/pipat-antiquites.fr\/en\/wp-json\/wp\/v2\/product_cat?post=101439"},{"taxonomy":"product_tag","embeddable":true,"href":"https:\/\/pipat-antiquites.fr\/en\/wp-json\/wp\/v2\/product_tag?post=101439"}],"curies":[{"name":"wp","href":"https:\/\/api.w.org\/{rel}","templated":true}]}}