{"id":100958,"date":"2016-12-23T10:24:36","date_gmt":"2022-12-23T09:24:36","guid":{"rendered":"https:\/\/pipat-antiquites.fr\/objets\/carved-wooden-snuff-box-19th-century\/"},"modified":"2023-10-11T11:46:56","modified_gmt":"2023-10-11T09:46:56","slug":"carved-wooden-snuff-box-19th-century","status":"publish","type":"product","link":"https:\/\/pipat-antiquites.fr\/en\/objets\/carved-wooden-snuff-box-19th-century\/","title":{"rendered":"Folk art object in corozo nut, very good condition."},"content":{"rendered":"<div class=\"wpb-content-wrapper\"><p>[vc_row][vc_column column_width_percent=&#8221;100&#8243; gutter_size=&#8221;3&#8243; override_padding=&#8221;yes&#8221; column_padding=&#8221;3&#8243; overlay_alpha=&#8221;50&#8243; shift_x=&#8221;0&#8243; shift_y=&#8221;0&#8243; shift_y_down=&#8221;0&#8243; z_index=&#8221;0&#8243; medium_width=&#8221;0&#8243; mobile_width=&#8221;0&#8243; width=&#8221;1\/1&#8243; uncode_shortcode_id=&#8221;167093&#8243;][vc_custom_heading text_weight=&#8221;300&#8243; uncode_shortcode_id=&#8221;785634&#8243;]Carved Wooden Snuff Box, 19th Century[\/vc_custom_heading][vc_column_text uncode_shortcode_id=&#8221;471542&#8243;]On the lid, it is a nicely carved gallant scene which occupies almost the entire surface of the object. On the reverse, an American Indian seems to be playing a musical instrument, a kind of harp whose sound intrigues the dog sitting near the musician. This little box that looks like a snuffbox is a lovely masterpiece of folk art. Does it come from Europe or America? It is very difficult to say because many European sailors made these small snuffboxes on the way back to the Old Continent. Corozo nut, which is very easy to carve, is also easily dyed and patinated, so that it was a material of choice for making small objects. Anyway, this box entirely sculpted in medium relief is in very good condition.<\/p>\n<ul>\n<li>Delivery price in France : 15\u20ac.<br \/>\nDelivery price in Europe : 35\u20ac.<br \/>\nDelivery price for other destinations: 55\u20ac.<\/li>\n<\/ul>\n<p>[\/vc_column_text][\/vc_column][\/vc_row]<\/p>\n<\/div>","protected":false},"excerpt":{"rendered":"<p style=\"text-align: center;\">Objet d&#8217;art populaire en noix de corozo, tr\u00e8s bon \u00e9tat.<\/p>\n<p style=\"text-align: center;\">Dimensions:<\/p>\n<ul>\n<li style=\"text-align: center;\">Height : 3.5 cm<br \/>\nWidth : 5 cm<br \/>\nDepth: 10 cm<\/li>\n<\/ul>\n","protected":false},"featured_media":100953,"template":"","meta":{"_seopress_robots_primary_cat":"none","_seopress_titles_title":"Tabati\u00e8re en noix de corozo sculpt\u00e9e, XIXe si\u00e8cle","_seopress_titles_desc":"Objet d&#039;art populaire en tr\u00e8s bon \u00e9tat.","_seopress_robots_index":"","content-type":""},"product_brand":[],"product_cat":[337,428,594],"product_tag":[350],"class_list":{"0":"post-100958","1":"product","2":"type-product","3":"status-publish","4":"has-post-thumbnail","6":"product_cat-objects","7":"product_cat-collectors-items","8":"product_cat-popular-art","9":"product_tag-nineteenth-century","10":"product_shipping_class-1-fr-15-e-eu-35-e-world-55-e","12":"first","13":"outofstock","14":"shipping-taxable","15":"purchasable","16":"product-type-simple","17":"add-to-wishlist-after_add_to_cart"},"_links":{"self":[{"href":"https:\/\/pipat-antiquites.fr\/en\/wp-json\/wp\/v2\/product\/100958","targetHints":{"allow":["GET"]}}],"collection":[{"href":"https:\/\/pipat-antiquites.fr\/en\/wp-json\/wp\/v2\/product"}],"about":[{"href":"https:\/\/pipat-antiquites.fr\/en\/wp-json\/wp\/v2\/types\/product"}],"wp:featuredmedia":[{"embeddable":true,"href":"https:\/\/pipat-antiquites.fr\/en\/wp-json\/wp\/v2\/media\/100953"}],"wp:attachment":[{"href":"https:\/\/pipat-antiquites.fr\/en\/wp-json\/wp\/v2\/media?parent=100958"}],"wp:term":[{"taxonomy":"product_brand","embeddable":true,"href":"https:\/\/pipat-antiquites.fr\/en\/wp-json\/wp\/v2\/product_brand?post=100958"},{"taxonomy":"product_cat","embeddable":true,"href":"https:\/\/pipat-antiquites.fr\/en\/wp-json\/wp\/v2\/product_cat?post=100958"},{"taxonomy":"product_tag","embeddable":true,"href":"https:\/\/pipat-antiquites.fr\/en\/wp-json\/wp\/v2\/product_tag?post=100958"}],"curies":[{"name":"wp","href":"https:\/\/api.w.org\/{rel}","templated":true}]}}