{"id":100502,"date":"2022-11-24T13:29:54","date_gmt":"2022-11-24T12:29:54","guid":{"rendered":"https:\/\/pipat-antiquites.fr\/objets\/pair-of-earthenware-planters-early-20th-century\/"},"modified":"2022-11-24T13:37:27","modified_gmt":"2022-11-24T12:37:27","slug":"pair-of-earthenware-planters-early-20th-century","status":"publish","type":"product","link":"https:\/\/pipat-antiquites.fr\/en\/objets\/pair-of-earthenware-planters-early-20th-century\/","title":{"rendered":"Pair of Earthenware Planters, Early 20th Century"},"content":{"rendered":"<div class=\"wpb-content-wrapper\"><p>[vc_row][vc_column column_width_percent=&#8221;100&#8243; gutter_size=&#8221;3&#8243; override_padding=&#8221;yes&#8221; column_padding=&#8221;3&#8243; overlay_alpha=&#8221;50&#8243; shift_x=&#8221;0&#8243; shift_y=&#8221;0&#8243; shift_y_down=&#8221;0&#8243; z_index=&#8221;0&#8243; medium_width=&#8221;0&#8243; mobile_width=&#8221;0&#8243; width=&#8221;1\/1&#8243; uncode_shortcode_id=&#8221;102711&#8243;][vc_custom_heading text_weight=&#8221;300&#8243; uncode_shortcode_id=&#8221;183382&#8243;]Pair of Earthenware Planters, Early 20th Century[\/vc_custom_heading][vc_column_text uncode_shortcode_id=&#8221;136914&#8243;]Adorned with a delightful decoration of bows, ribbons and flowers, these two planters with golden threads will enhance your indoor plants. They are made of beautiful earthenware with vibrant colors and are in perfect condition.<\/p>\n<ul>\n<li>Delivery price in France : 55\u20ac.<br \/>\nDelivery price in Europe : 95\u20ac.<br \/>\nDelivery price for other destinations: 125\u20ac.<\/li>\n<\/ul>\n<p>[\/vc_column_text][\/vc_column][\/vc_row]<\/p>\n<\/div>","protected":false},"excerpt":{"rendered":"<p style=\"text-align: center;\">Glazed flowerpots for the winter garden. Perfect condition.<\/p>\n<p style=\"text-align: center;\">Dimensions:<\/p>\n<ul>\n<li style=\"text-align: center;\">Height : 17.5 cm<br \/>\nDiameter : 18 cm<\/li>\n<\/ul>\n","protected":false},"featured_media":100481,"template":"","meta":{"_seopress_robots_primary_cat":"none","_seopress_titles_title":"Paire de jardini\u00e8res en fa\u00efence, d\u00e9but XXe si\u00e8cle","_seopress_titles_desc":"Cache-pots verniss\u00e9s pour jardin d&#039;hiver. Parfait \u00e9tat","_seopress_robots_index":"","content-type":""},"product_brand":[],"product_cat":[339,337,338],"product_tag":[351],"class_list":{"0":"post-100502","1":"product","2":"type-product","3":"status-publish","4":"has-post-thumbnail","6":"product_cat-planters","7":"product_cat-objects","8":"product_cat-decorative-arts","9":"product_tag-twentieth-century","10":"product_shipping_class-5-fr-55-e-eu-95-e-world-125-e","12":"first","13":"instock","14":"shipping-taxable","15":"purchasable","16":"product-type-simple","17":"add-to-wishlist-after_add_to_cart"},"_links":{"self":[{"href":"https:\/\/pipat-antiquites.fr\/en\/wp-json\/wp\/v2\/product\/100502","targetHints":{"allow":["GET"]}}],"collection":[{"href":"https:\/\/pipat-antiquites.fr\/en\/wp-json\/wp\/v2\/product"}],"about":[{"href":"https:\/\/pipat-antiquites.fr\/en\/wp-json\/wp\/v2\/types\/product"}],"wp:featuredmedia":[{"embeddable":true,"href":"https:\/\/pipat-antiquites.fr\/en\/wp-json\/wp\/v2\/media\/100481"}],"wp:attachment":[{"href":"https:\/\/pipat-antiquites.fr\/en\/wp-json\/wp\/v2\/media?parent=100502"}],"wp:term":[{"taxonomy":"product_brand","embeddable":true,"href":"https:\/\/pipat-antiquites.fr\/en\/wp-json\/wp\/v2\/product_brand?post=100502"},{"taxonomy":"product_cat","embeddable":true,"href":"https:\/\/pipat-antiquites.fr\/en\/wp-json\/wp\/v2\/product_cat?post=100502"},{"taxonomy":"product_tag","embeddable":true,"href":"https:\/\/pipat-antiquites.fr\/en\/wp-json\/wp\/v2\/product_tag?post=100502"}],"curies":[{"name":"wp","href":"https:\/\/api.w.org\/{rel}","templated":true}]}}